{"id":103,"date":"2020-04-07T10:17:16","date_gmt":"2020-04-07T08:17:16","guid":{"rendered":"https:\/\/demosites.io\/boat-rental\/?page_id=12"},"modified":"2021-01-30T10:03:33","modified_gmt":"2021-01-30T09:03:33","slug":"onas","status":"publish","type":"page","link":"https:\/\/skupstokow.pl\/index.php\/onas\/","title":{"rendered":"O Nas"},"content":{"rendered":"\t\t<div data-elementor-type=\"wp-page\" data-elementor-id=\"103\" class=\"elementor elementor-103\" data-elementor-settings=\"[]\">\n\t\t\t\t\t\t<div class=\"elementor-inner\">\n\t\t\t\t\t\t\t<div class=\"elementor-section-wrap\">\n\t\t\t\t\t\t\t<section class=\"elementor-section elementor-top-section elementor-element elementor-element-9944f8c elementor-section-height-min-height elementor-section-boxed elementor-section-height-default elementor-section-items-middle\" data-id=\"9944f8c\" data-element_type=\"section\" data-settings=\"{&quot;background_background&quot;:&quot;classic&quot;}\">\n\t\t\t\t\t\t\t<div class=\"elementor-background-overlay\"><\/div>\n\t\t\t\t\t\t\t<div class=\"elementor-container elementor-column-gap-default\">\n\t\t\t\t\t\t\t<div class=\"elementor-row\">\n\t\t\t\t\t<div class=\"elementor-column elementor-col-100 elementor-top-column elementor-element elementor-element-26ac154\" data-id=\"26ac154\" data-element_type=\"column\">\n\t\t\t<div class=\"elementor-column-wrap elementor-element-populated\">\n\t\t\t\t\t\t\t<div class=\"elementor-widget-wrap\">\n\t\t\t\t\t\t<div class=\"elementor-element elementor-element-b2c9021 elementor-widget elementor-widget-heading\" data-id=\"b2c9021\" data-element_type=\"widget\" data-widget_type=\"heading.default\">\n\t\t\t\t<div class=\"elementor-widget-container\">\n\t\t\t<h1 class=\"elementor-heading-title elementor-size-default\"><h1 data-elementor-setting-key=\"title\" data-pen-placeholder=\"Pisz tutaj...\" style=\"letter-spacing: normal; font-family: Playfair Display, var(--nv-fallback-ff); color: rgb(255, 255, 255);\">O Nas<\/h1><\/h1>\t\t<\/div>\n\t\t\t\t<\/div>\n\t\t\t\t\t\t<\/div>\n\t\t\t\t\t<\/div>\n\t\t<\/div>\n\t\t\t\t\t\t\t\t<\/div>\n\t\t\t\t\t<\/div>\n\t\t<\/section>\n\t\t\t\t<section class=\"elementor-section elementor-top-section elementor-element elementor-element-384b558 elementor-section-boxed elementor-section-height-default elementor-section-height-default\" data-id=\"384b558\" data-element_type=\"section\" data-settings=\"{&quot;background_background&quot;:&quot;classic&quot;}\">\n\t\t\t\t\t\t<div class=\"elementor-container elementor-column-gap-default\">\n\t\t\t\t\t\t\t<div class=\"elementor-row\">\n\t\t\t\t\t<div class=\"elementor-column elementor-col-100 elementor-top-column elementor-element elementor-element-f21eec7\" data-id=\"f21eec7\" data-element_type=\"column\">\n\t\t\t<div class=\"elementor-column-wrap elementor-element-populated\">\n\t\t\t\t\t\t\t<div class=\"elementor-widget-wrap\">\n\t\t\t\t\t\t<section class=\"elementor-section elementor-inner-section elementor-element elementor-element-eecd404 elementor-section-content-middle elementor-reverse-mobile elementor-section-boxed elementor-section-height-default elementor-section-height-default\" data-id=\"eecd404\" data-element_type=\"section\">\n\t\t\t\t\t\t<div class=\"elementor-container elementor-column-gap-default\">\n\t\t\t\t\t\t\t<div class=\"elementor-row\">\n\t\t\t\t\t<div class=\"elementor-column elementor-col-50 elementor-inner-column elementor-element elementor-element-5ea3da8\" data-id=\"5ea3da8\" data-element_type=\"column\">\n\t\t\t<div class=\"elementor-column-wrap elementor-element-populated\">\n\t\t\t\t\t\t\t<div class=\"elementor-widget-wrap\">\n\t\t\t\t\t\t<div class=\"elementor-element elementor-element-315c6f0 elementor-widget elementor-widget-heading\" data-id=\"315c6f0\" data-element_type=\"widget\" data-widget_type=\"heading.default\">\n\t\t\t\t<div class=\"elementor-widget-container\">\n\t\t\t<h2 class=\"elementor-heading-title elementor-size-default\"><h2 data-elementor-setting-key=\"title\" data-pen-placeholder=\"Pisz tutaj...\" style=\"letter-spacing: normal; font-family: Playfair Display, var(--nv-fallback-ff);\">O Firmie<\/h2><\/h2>\t\t<\/div>\n\t\t\t\t<\/div>\n\t\t\t\t<div class=\"elementor-element elementor-element-f51e745 elementor-widget elementor-widget-text-editor\" data-id=\"f51e745\" data-element_type=\"widget\" data-widget_type=\"text-editor.default\">\n\t\t\t\t<div class=\"elementor-widget-container\">\n\t\t\t\t\t<div class=\"elementor-text-editor elementor-clearfix\"><p><span style=\"color: #888888; font-family: 'Open Sans', Helvetica, Arial, sans-serif; font-size: 14px; text-align: center;\">Firma EURO-RTM powsta\u0142a w 2001 roku jest ca\u0142kowicie polsk\u0105 firm\u0105 zajmuj\u0105c\u0105 si\u0119 sprzeda\u017c\u0105 szerokiej gamy artyku\u0142\u00f3w do sklep\u00f3w &#8211; wszystko po 5 z\u0142. W kraju nasza firma posiada sw\u00f3j oddzia\u0142 w Legnicy (woj. dolno\u015bl\u0105skie). Nasi pracownicy to do\u015bwiadczeni, wysoko wykwalifikowani sprzedawcy, specjali\u015bci od marketingu oraz specjali\u015bci od spraw wdro\u017ce\u0144. Dzia\u0142ania firmy ukierunkowane s\u0105 na dostarczenie swoim klientom jak najwi\u0119kszej gamy artyku\u0142\u00f3w w niewyg\u00f3rowanej cenie. Podstawowym celem naszej firmy jest zadowolenie klienta oparte na zaufaniu, profesjonalnej i kompleksowej obs\u0142udze. Dzi\u0119ki dobrej znajomo\u015bci rynku lokalnego EURO-RTM jest w stanie zaoferowa\u0107 szeroki wyb\u00f3r asortymentu, pocz\u0105wszy od zabawek dla dzieci, poprzez artyku\u0142y \u0142azienkowe, AGD, biurowe, sportowe, ceramik\u0119, szk\u0142o, elektronik\u0119, kwiaty, i wiele innych. Wej\u015bcie na rynek wymaga\u0142o od nas profesjonalizmu w marketingu i indywidualnego podej\u015bcia do ka\u017cdego klienta, z kt\u00f3rym nawi\u0105zywali\u015bmy wsp\u00f3\u0142prac\u0119. Pasja jest si\u0142\u0105 nap\u0119dow\u0105 ka\u017cdego z nas. Chcieliby\u015bmy by nasi klienci czerpali zadowolenie i mi\u0142\u0105 atmosfer\u0119 ze wsp\u00f3\u0142pracy z nami. Mamy nadzieje, \u017ce firma EURO-RTM b\u0119dzie Pa\u0144stwa dobrym partnerem handlowym w sferze obrotu artyku\u0142ami w niskiej cenie.<\/span><\/p><\/div>\n\t\t\t\t<\/div>\n\t\t\t\t<\/div>\n\t\t\t\t\t\t<\/div>\n\t\t\t\t\t<\/div>\n\t\t<\/div>\n\t\t\t\t<div class=\"elementor-column elementor-col-50 elementor-inner-column elementor-element elementor-element-dd10a3c\" data-id=\"dd10a3c\" data-element_type=\"column\">\n\t\t\t<div class=\"elementor-column-wrap elementor-element-populated\">\n\t\t\t\t\t\t\t<div class=\"elementor-widget-wrap\">\n\t\t\t\t\t\t<div class=\"elementor-element elementor-element-80eb892 elementor-widget elementor-widget-image\" data-id=\"80eb892\" data-element_type=\"widget\" data-widget_type=\"image.default\">\n\t\t\t\t<div class=\"elementor-widget-container\">\n\t\t\t\t\t<div class=\"elementor-image\">\n\t\t\t\t\t\t\t\t\t\t<img loading=\"lazy\" decoding=\"async\" width=\"900\" height=\"600\" src=\"https:\/\/skupstokow.pl\/wp-content\/uploads\/2021\/01\/Bishops-Storehouse-SLC-.jpg\" class=\"attachment-large size-large\" alt=\"\" srcset=\"https:\/\/skupstokow.pl\/wp-content\/uploads\/2021\/01\/Bishops-Storehouse-SLC-.jpg 900w, https:\/\/skupstokow.pl\/wp-content\/uploads\/2021\/01\/Bishops-Storehouse-SLC--300x200.jpg 300w, https:\/\/skupstokow.pl\/wp-content\/uploads\/2021\/01\/Bishops-Storehouse-SLC--768x512.jpg 768w, https:\/\/skupstokow.pl\/wp-content\/uploads\/2021\/01\/Bishops-Storehouse-SLC--600x400.jpg 600w\" sizes=\"auto, (max-width: 900px) 100vw, 900px\" \/>\t\t\t\t\t\t\t\t\t\t\t<\/div>\n\t\t\t\t<\/div>\n\t\t\t\t<\/div>\n\t\t\t\t\t\t<\/div>\n\t\t\t\t\t<\/div>\n\t\t<\/div>\n\t\t\t\t\t\t\t\t<\/div>\n\t\t\t\t\t<\/div>\n\t\t<\/section>\n\t\t\t\t\t\t<\/div>\n\t\t\t\t\t<\/div>\n\t\t<\/div>\n\t\t\t\t\t\t\t\t<\/div>\n\t\t\t\t\t<\/div>\n\t\t<\/section>\n\t\t\t\t\t\t<\/div>\n\t\t\t\t\t\t<\/div>\n\t\t\t\t\t<\/div>\n\t\t","protected":false},"excerpt":{"rendered":"<p>O Nas O Firmie Firma EURO-RTM powsta\u0142a w 2001 roku jest ca\u0142kowicie polsk\u0105 firm\u0105 zajmuj\u0105c\u0105 si\u0119 sprzeda\u017c\u0105 szerokiej gamy artyku\u0142\u00f3w do sklep\u00f3w &#8211; wszystko po 5 z\u0142. W kraju nasza firma posiada sw\u00f3j oddzia\u0142 w Legnicy (woj. dolno\u015bl\u0105skie). Nasi pracownicy to do\u015bwiadczeni, wysoko wykwalifikowani sprzedawcy, specjali\u015bci od marketingu oraz specjali\u015bci od spraw wdro\u017ce\u0144. Dzia\u0142ania firmy&hellip;&nbsp;<a href=\"https:\/\/skupstokow.pl\/index.php\/onas\/\" class=\"\" rel=\"bookmark\">Czytaj wi\u0119cej &raquo;<span class=\"screen-reader-text\">O Nas<\/span><\/a><\/p>\n","protected":false},"author":1,"featured_media":0,"parent":0,"menu_order":0,"comment_status":"closed","ping_status":"closed","template":"page-templates\/template-pagebuilder-full-width.php","meta":{"neve_meta_sidebar":"full-width","neve_meta_container":"","neve_meta_enable_content_width":"on","neve_meta_content_width":100,"neve_meta_title_alignment":"","neve_meta_author_avatar":"","neve_post_elements_order":"","neve_meta_disable_header":"","neve_meta_disable_footer":"","neve_meta_disable_title":"","_ti_tpc_template_sync":false,"_ti_tpc_template_id":"","footnotes":""},"class_list":["post-103","page","type-page","status-publish","hentry"],"yoast_head":"<!-- This site is optimized with the Yoast SEO plugin v15.9.1 - https:\/\/yoast.com\/wordpress\/plugins\/seo\/ -->\n<title>O Nas - Skupujemy Stocki Magazynowe<\/title>\n<link rel=\"canonical\" href=\"https:\/\/skupstokow.pl\/index.php\/onas\/\" \/>\n<meta property=\"og:locale\" content=\"pl_PL\" \/>\n<meta property=\"og:type\" content=\"article\" \/>\n<meta property=\"og:title\" content=\"O Nas - Skupujemy Stocki Magazynowe\" \/>\n<meta property=\"og:description\" content=\"O Nas O Firmie Firma EURO-RTM powsta\u0142a w 2001 roku jest ca\u0142kowicie polsk\u0105 firm\u0105 zajmuj\u0105c\u0105 si\u0119 sprzeda\u017c\u0105 szerokiej gamy artyku\u0142\u00f3w do sklep\u00f3w &#8211; wszystko po 5 z\u0142. W kraju nasza firma posiada sw\u00f3j oddzia\u0142 w Legnicy (woj. dolno\u015bl\u0105skie). Nasi pracownicy to do\u015bwiadczeni, wysoko wykwalifikowani sprzedawcy, specjali\u015bci od marketingu oraz specjali\u015bci od spraw wdro\u017ce\u0144. Dzia\u0142ania firmy&hellip;&nbsp;Czytaj wi\u0119cej &raquo;O Nas\" \/>\n<meta property=\"og:url\" content=\"https:\/\/skupstokow.pl\/index.php\/onas\/\" \/>\n<meta property=\"og:site_name\" content=\"Skupujemy Stocki Magazynowe\" \/>\n<meta property=\"article:publisher\" content=\"https:\/\/www.facebook.com\/skupstokowmagazynowych\" \/>\n<meta property=\"article:modified_time\" content=\"2021-01-30T09:03:33+00:00\" \/>\n<meta property=\"og:image\" content=\"http:\/\/skupstokow.pl\/wp-content\/uploads\/2021\/01\/Bishops-Storehouse-SLC-.jpg\" \/>\n<meta name=\"twitter:card\" content=\"summary_large_image\" \/>\n<meta name=\"twitter:label1\" content=\"Est. reading time\">\n\t<meta name=\"twitter:data1\" content=\"1 minuta\">\n<script type=\"application\/ld+json\" class=\"yoast-schema-graph\">{\"@context\":\"https:\/\/schema.org\",\"@graph\":[{\"@type\":\"WebSite\",\"@id\":\"https:\/\/skupstokow.pl\/#website\",\"url\":\"https:\/\/skupstokow.pl\/\",\"name\":\"Skupujemy Stocki Magazynowe\",\"description\":\"Skupujemy nadwy\\u017cki magazynowe, nierotuj\\u0105ce towary, towary kt\\u00f3rym ko\\u0144czy si\\u0119 termin wa\\u017cno\\u015bci, ko\\u0144c\\u00f3wki serii, towary po likwidacji firmy.\",\"potentialAction\":[{\"@type\":\"SearchAction\",\"target\":\"https:\/\/skupstokow.pl\/?s={search_term_string}\",\"query-input\":\"required name=search_term_string\"}],\"inLanguage\":\"pl-PL\"},{\"@type\":\"ImageObject\",\"@id\":\"https:\/\/skupstokow.pl\/index.php\/onas\/#primaryimage\",\"inLanguage\":\"pl-PL\",\"url\":\"http:\/\/skupstokow.pl\/wp-content\/uploads\/2021\/01\/Bishops-Storehouse-SLC-.jpg\"},{\"@type\":\"WebPage\",\"@id\":\"https:\/\/skupstokow.pl\/index.php\/onas\/#webpage\",\"url\":\"https:\/\/skupstokow.pl\/index.php\/onas\/\",\"name\":\"O Nas - Skupujemy Stocki Magazynowe\",\"isPartOf\":{\"@id\":\"https:\/\/skupstokow.pl\/#website\"},\"primaryImageOfPage\":{\"@id\":\"https:\/\/skupstokow.pl\/index.php\/onas\/#primaryimage\"},\"datePublished\":\"2020-04-07T08:17:16+00:00\",\"dateModified\":\"2021-01-30T09:03:33+00:00\",\"breadcrumb\":{\"@id\":\"https:\/\/skupstokow.pl\/index.php\/onas\/#breadcrumb\"},\"inLanguage\":\"pl-PL\",\"potentialAction\":[{\"@type\":\"ReadAction\",\"target\":[\"https:\/\/skupstokow.pl\/index.php\/onas\/\"]}]},{\"@type\":\"BreadcrumbList\",\"@id\":\"https:\/\/skupstokow.pl\/index.php\/onas\/#breadcrumb\",\"itemListElement\":[{\"@type\":\"ListItem\",\"position\":1,\"item\":{\"@type\":\"WebPage\",\"@id\":\"https:\/\/skupstokow.pl\/\",\"url\":\"https:\/\/skupstokow.pl\/\",\"name\":\"Strona g\\u0142\\u00f3wna\"}},{\"@type\":\"ListItem\",\"position\":2,\"item\":{\"@type\":\"WebPage\",\"@id\":\"https:\/\/skupstokow.pl\/index.php\/onas\/\",\"url\":\"https:\/\/skupstokow.pl\/index.php\/onas\/\",\"name\":\"O Nas\"}}]}]}<\/script>\n<!-- \/ Yoast SEO plugin. -->","_links":{"self":[{"href":"https:\/\/skupstokow.pl\/index.php\/wp-json\/wp\/v2\/pages\/103","targetHints":{"allow":["GET"]}}],"collection":[{"href":"https:\/\/skupstokow.pl\/index.php\/wp-json\/wp\/v2\/pages"}],"about":[{"href":"https:\/\/skupstokow.pl\/index.php\/wp-json\/wp\/v2\/types\/page"}],"author":[{"embeddable":true,"href":"https:\/\/skupstokow.pl\/index.php\/wp-json\/wp\/v2\/users\/1"}],"replies":[{"embeddable":true,"href":"https:\/\/skupstokow.pl\/index.php\/wp-json\/wp\/v2\/comments?post=103"}],"version-history":[{"count":4,"href":"https:\/\/skupstokow.pl\/index.php\/wp-json\/wp\/v2\/pages\/103\/revisions"}],"predecessor-version":[{"id":203,"href":"https:\/\/skupstokow.pl\/index.php\/wp-json\/wp\/v2\/pages\/103\/revisions\/203"}],"wp:attachment":[{"href":"https:\/\/skupstokow.pl\/index.php\/wp-json\/wp\/v2\/media?parent=103"}],"curies":[{"name":"wp","href":"https:\/\/api.w.org\/{rel}","templated":true}]}}