{"id":190,"date":"2021-01-20T14:01:37","date_gmt":"2021-01-20T13:01:37","guid":{"rendered":"https:\/\/skupstokow.pl\/?page_id=190"},"modified":"2021-01-20T14:01:39","modified_gmt":"2021-01-20T13:01:39","slug":"polityka-cookies-i-rodo","status":"publish","type":"page","link":"https:\/\/skupstokow.pl\/index.php\/polityka-cookies-i-rodo\/","title":{"rendered":"PolityKa cookies i RODO"},"content":{"rendered":"\n<h2 class=\"wp-block-heading\">Klauzula informacyjna do przetwarzania danych osobowych<\/h2>\n\n\n\n<p>Na podstawie art. 13 ust. 1 Rozporz\u0105dzenia Parlamentu Europejskiego i Rady (UE) 2016\/679 z dnia 27 kwietnia 2016 r. w sprawie ochrony os\u00f3b fizycznych w zwi\u0105zku z przetwarzaniem danych osobowych i&nbsp;w&nbsp;sprawie swobodnego przep\u0142ywu takich danych (og\u00f3lne rozporz\u0105dzenie o ochronie danych), zwane dalej RODO, informuj\u0119 Pani\u0105\/Pana, i\u017c<\/p>\n\n\n\n<ol class=\"wp-block-list\"><li>Administratorem\/Podmiotem przetwarzaj\u0105cym Pa\u0144stwa dane osobowe jest firma:&nbsp;<strong>Euro-RTM S.C. Ignaczakowie z siedzib\u0105 przy ul.&nbsp;Kawaleryjska 7, 59-220 Legnica<\/strong>.<\/li><li>Z administratorem mo\u017cna si\u0119 skontaktowa\u0107 pod adresem e-mail:&nbsp;<a href=\"mailto:oferta@eurortm.pl\">oferta@eurortm.pl<\/a>&nbsp;w ka\u017cdej sprawie dotycz\u0105cej danych.<\/li><li>Pa\u0144stwa dane b\u0119d\u0105 przetwarzane w celach:<ul><li>realizacji um\u00f3w w ramach prowadzonej dzia\u0142alno\u015bci gospodarczej na podstawie zgody udzielonej przez klienta, a przetwarzanie danych jest niezb\u0119dne do wykonania umowy&nbsp; oraz podj\u0119cia niezb\u0119dnych dzia\u0142a\u0144 przed jej zawarciem. (Art. 6 ust. 1 lit. a og\u00f3lnego rozporz\u0105dzenia o ochronie danych osobowych z dnia 27 kwietnia 2016 r.),<\/li><li>marketingowych na podstawie Art. 6 ust. 1 lit. a og\u00f3lnego rozporz\u0105dzenia o ochronie danych osobowych z dnia 27 kwietnia 2016r. Pani\/Pana dane osobowe przechowywane b\u0119d\u0105 do momentu odwo\u0142ania zgody,<\/li><li>subskrypcji do newslettera na podstawie Art. 6 ust. 1 lit. a og\u00f3lnego rozporz\u0105dzenia o ochronie danych osobowych z dnia 27 kwietnia 2016r. Pani\/Pana dane osobowe przechowywane do momentu \u017c\u0105dania usuni\u0119cia z subskrypcji,<\/li><li>dwa ostatnie punkty b\u0119d\u0105 realizowane drog\u0105 mailow\u0105 w spos\u00f3b zautomatyzowany.<\/li><\/ul><\/li><li>Podstaw\u0105 do przetwarzania Pa\u0144stwa danych osobowych jest:<ul><li>podj\u0119cie niezb\u0119dnych dzia\u0142a\u0144 przed zawarciem umowy,<\/li><li>zawarcie, realizacja oraz rozliczenie&nbsp; um\u00f3w sprzeda\u017cy towar\u00f3w i us\u0142ug,<\/li><li>wykonanie ci\u0105\u017c\u0105cych obowi\u0105zk\u00f3w prawnych.<\/li><\/ul><\/li><li>Informacja o przekazywaniu danych do innych podmiot\u00f3w. Zgodnie z obowi\u0105zuj\u0105cym prawem Twoje dane osobowe, mo\u017cemy przekaza\u0107 podmiotom przetwarzaj\u0105cym je na nasze zlecenie, lecz robimy to tylko w zakresie niezb\u0119dnym do realizacji Twojego zam\u00f3wienia i niezb\u0119dnym do dzia\u0142ania naszej firmy to jest: podmiotom przetwarzaj\u0105cym dane w naszym imieniu wykonuj\u0105cym: us\u0142ugi kurierskie lub pocztowe, informatyczne, pomoc prawn\u0105, podatkow\u0105, rachunkow\u0105, innym administratorom danych przetwarzaj\u0105cym dane we w\u0142asnym imieniu do realizacji transakcji (np. us\u0142ugi p\u0142atnicze bankowe). Pragniemy te\u017c wspomnie\u0107, \u017ce wsp\u00f3\u0142pracujemy jedynie z naszymi Zaufanymi parterami.<\/li><li>Okres przechowywania danych:<ul><li>na czas realizacji us\u0142ugi lub d\u0142u\u017cszy, je\u015bli jest prawnie uzasadnione,<\/li><li>do czasu cofni\u0119cia zgody.<\/li><\/ul><\/li><li>Maj\u0105 Pa\u0144stwo prawo do:<ul><li>dost\u0119pu do swoich danych oraz mo\u017cliwo\u015b\u0107 ich sprostowania,<\/li><li>usuni\u0119cia lub ograniczenia przetwarzania swoich danych,<\/li><li>wniesienia sprzeciwu wobec przetwarzania,<\/li><li>przenoszenia danych,<\/li><li>cofni\u0119cia wyra\u017conej zgody na przetwarzanie danych,<\/li><li>wniesienia skargi do organu nadzorczego.<\/li><\/ul><\/li><li>Podanie danych jest co do zasady dobrowolne, jednak\u017ce podanie danych osobowych mo\u017ce by\u0107 warunkiem zawarcia umowy. Podane przez Pani\u0105\/Pana dane s\u0105:<ul><li>warunkiem podpisanej umowy,<\/li><li>pobrane dobrowolnie,<\/li><li>pochodz\u0105 od innych administrator\u00f3w danych, z kt\u00f3rymi wsp\u00f3\u0142pracujemy lub z powszechnie dost\u0119pnych \u017ar\u00f3de\u0142.<\/li><\/ul><\/li><li>Pa\u0144stwa dane nie podlegaj\u0105 zautomatyzowanemu systemowi podejmowania decyzji i profilowaniu.<\/li><\/ol>\n\n\n\n<p>Je\u015bli nie \u017cycz\u0105 sobie Pa\u0144stwo otrzymywania wiadomo\u015bci na sw\u00f3j adres e-mail &#8211; uprzejmie prosimy o wiadomo\u015b\u0107 e-mailow\u0105 ze s\u0142owem NIE w temacie na nasz adres e-mail:&nbsp;<a href=\"mailto:oferta@eurortm.pl\">oferta@eurortm.pl<\/a><\/p>\n\n\n\n<p>Z powa\u017caniem,<br>Zarz\u0105d Sp\u00f3\u0142ki Euro-RTM S.C. Ignaczakowie, ul.Kawaleryjska 7, 59-220 Legnica, NIP: 691-254-61-57,<br>Roman Ignaczak, Tomasz Ignaczak, Maciej Ignaczak.<\/p>\n\n\n\n<h2 class=\"wp-block-heading\">Polityka cookies<\/h2>\n\n\n\n<ol class=\"wp-block-list\"><li>Serwis nie zbiera w spos\u00f3b automatyczny \u017cadnych informacji, z wyj\u0105tkiem informacji zawartych w plikach cookies.<\/li><li>Pliki cookies (tzw. &#8222;ciasteczka&#8221;) stanowi\u0105 dane informatyczne, w szczeg\u00f3lno\u015bci pliki tekstowe, kt\u00f3re przechowywane s\u0105 w urz\u0105dzeniu ko\u0144cowym U\u017cytkownika Serwisu i przeznaczone s\u0105 do korzystania ze stron internetowych Serwisu. Cookies zazwyczaj zawieraj\u0105 nazw\u0119 strony internetowej, z kt\u00f3rej pochodz\u0105, czas przechowywania ich na urz\u0105dzeniu ko\u0144cowym oraz unikalny numer.<\/li><li>Podmiotem zamieszczaj\u0105cym na urz\u0105dzeniu ko\u0144cowym U\u017cytkownika Serwisu pliki cookies oraz uzyskuj\u0105cym do nich dost\u0119p jest operator Serwisu.<\/li><li>Pliki cookies wykorzystywane s\u0105 w celu:<ol><li>dostosowania zawarto\u015bci stron internetowych Serwisu do preferencji U\u017cytkownika oraz optymalizacji korzystania ze stron internetowych; w szczeg\u00f3lno\u015bci pliki te pozwalaj\u0105 rozpozna\u0107 urz\u0105dzenie U\u017cytkownika Serwisu i odpowiednio wy\u015bwietli\u0107 stron\u0119 internetow\u0105, dostosowan\u0105 do jego indywidualnych potrzeb;<\/li><li>tworzenia statystyk, kt\u00f3re pomagaj\u0105 zrozumie\u0107, w jaki spos\u00f3b U\u017cytkownicy Serwisu korzystaj\u0105 ze stron internetowych, co umo\u017cliwia ulepszanie ich struktury i zawarto\u015bci;<\/li><\/ol><\/li><li>W ramach Serwisu stosowane s\u0105 dwa zasadnicze rodzaje plik\u00f3w cookies: &#8222;sesyjne&#8221; (session cookies) oraz &#8222;sta\u0142e&#8221; (persistent cookies). Cookies &#8222;sesyjne&#8221; s\u0105 plikami tymczasowymi, kt\u00f3re przechowywane s\u0105 w urz\u0105dzeniu ko\u0144cowym U\u017cytkownika do czasu wylogowania, opuszczenia strony internetowej lub wy\u0142\u0105czenia oprogramowania (przegl\u0105darki internetowej). &#8222;Sta\u0142e&#8221; pliki cookies przechowywane s\u0105 w urz\u0105dzeniu ko\u0144cowym U\u017cytkownika przez czas okre\u015blony w parametrach plik\u00f3w cookies lub do czasu ich usuni\u0119cia przez U\u017cytkownika.<\/li><li>W ramach Serwisu stosowane s\u0105 nast\u0119puj\u0105ce rodzaje plik\u00f3w cookies:<ol><li>&#8222;niezb\u0119dne&#8221; pliki cookies, umo\u017cliwiaj\u0105ce korzystanie z us\u0142ug dost\u0119pnych w ramach Serwisu, np. uwierzytelniaj\u0105ce pliki cookies wykorzystywane do us\u0142ug wymagaj\u0105cych uwierzytelniania w ramach Serwisu;<\/li><li>pliki cookies s\u0142u\u017c\u0105ce do zapewnienia bezpiecze\u0144stwa, np. wykorzystywane do wykrywania nadu\u017cy\u0107 w zakresie uwierzytelniania w ramach Serwisu;<\/li><li>&#8222;wydajno\u015bciowe&#8221; pliki cookies, umo\u017cliwiaj\u0105ce zbieranie informacji o sposobie korzystania ze stron internetowych Serwisu;<\/li><li>&#8222;funkcjonalne&#8221; pliki cookies, umo\u017cliwiaj\u0105ce &#8222;zapami\u0119tanie&#8221; wybranych przez U\u017cytkownika ustawie\u0144 i personalizacj\u0119 interfejsu U\u017cytkownika, np. w zakresie wybranego j\u0119zyka lub regionu, z kt\u00f3rego pochodzi U\u017cytkownik, rozmiaru czcionki, wygl\u0105du strony internetowej itp.;<\/li><\/ol><\/li><li>W wielu przypadkach oprogramowanie s\u0142u\u017c\u0105ce do przegl\u0105dania stron internetowych (przegl\u0105darka internetowa) domy\u015blnie dopuszcza przechowywanie plik\u00f3w cookies w urz\u0105dzeniu ko\u0144cowym U\u017cytkownika. U\u017cytkownicy Serwisu mog\u0105 dokona\u0107 w ka\u017cdym czasie zmiany ustawie\u0144 dotycz\u0105cych plik\u00f3w cookies. Ustawienia te mog\u0105 zosta\u0107 zmienione w szczeg\u00f3lno\u015bci w taki spos\u00f3b, aby blokowa\u0107 automatyczn\u0105 obs\u0142ug\u0119 plik\u00f3w cookies w ustawieniach przegl\u0105darki internetowej b\u0105d\u017a informowa\u0107 o ich ka\u017cdorazowym zamieszczeniu w urz\u0105dzeniu U\u017cytkownika Serwisu. Szczeg\u00f3\u0142owe informacje o mo\u017cliwo\u015bci i sposobach obs\u0142ugi plik\u00f3w cookies dost\u0119pne s\u0105 w ustawieniach oprogramowania (przegl\u0105darki internetowej).<\/li><li>Operator Serwisu informuje, \u017ce ograniczenia stosowania plik\u00f3w cookies mog\u0105 wp\u0142yn\u0105\u0107 na niekt\u00f3re funkcjonalno\u015bci dost\u0119pne na stronach internetowych Serwisu.<\/li><li>Pliki cookies zamieszczane w urz\u0105dzeniu ko\u0144cowym U\u017cytkownika Serwisu i wykorzystywane mog\u0105 by\u0107 r\u00f3wnie\u017c przez wsp\u00f3\u0142pracuj\u0105cych z operatorem Serwisu partner\u00f3w.<\/li><li>Wi\u0119cej informacji na temat plik\u00f3w cookies dost\u0119pnych jest pod adresem&nbsp;<a href=\"http:\/\/wszystkoociasteczkach.pl\/\">www.wszystkoociasteczkach.pl<\/a>&nbsp;lub w sekcji &#8222;Pomoc&#8221; w menu przegl\u0105darki internetowej.<\/li><\/ol>\n","protected":false},"excerpt":{"rendered":"<p>Klauzula informacyjna do przetwarzania danych osobowych Na podstawie art. 13 ust. 1 Rozporz\u0105dzenia Parlamentu Europejskiego i Rady (UE) 2016\/679 z dnia 27 kwietnia 2016 r. w sprawie ochrony os\u00f3b fizycznych w zwi\u0105zku z przetwarzaniem danych osobowych i&nbsp;w&nbsp;sprawie swobodnego przep\u0142ywu takich danych (og\u00f3lne rozporz\u0105dzenie o ochronie danych), zwane dalej RODO, informuj\u0119 Pani\u0105\/Pana, i\u017c Administratorem\/Podmiotem przetwarzaj\u0105cym Pa\u0144stwa&hellip;&nbsp;<a href=\"https:\/\/skupstokow.pl\/index.php\/polityka-cookies-i-rodo\/\" class=\"\" rel=\"bookmark\">Czytaj wi\u0119cej &raquo;<span class=\"screen-reader-text\">PolityKa cookies i RODO<\/span><\/a><\/p>\n","protected":false},"author":1,"featured_media":0,"parent":0,"menu_order":0,"comment_status":"closed","ping_status":"closed","template":"","meta":{"neve_meta_sidebar":"full-width","neve_meta_container":"","neve_meta_enable_content_width":"on","neve_meta_content_width":100,"neve_meta_title_alignment":"","neve_meta_author_avatar":"","neve_post_elements_order":"","neve_meta_disable_header":"","neve_meta_disable_footer":"","neve_meta_disable_title":"","_ti_tpc_template_sync":false,"_ti_tpc_template_id":"","footnotes":""},"class_list":["post-190","page","type-page","status-publish","hentry"],"yoast_head":"<!-- This site is optimized with the Yoast SEO plugin v15.9.1 - https:\/\/yoast.com\/wordpress\/plugins\/seo\/ -->\n<title>PolityKa cookies i RODO - Skupujemy Stocki Magazynowe<\/title>\n<link rel=\"canonical\" href=\"https:\/\/skupstokow.pl\/index.php\/polityka-cookies-i-rodo\/\" \/>\n<meta property=\"og:locale\" content=\"pl_PL\" \/>\n<meta property=\"og:type\" content=\"article\" \/>\n<meta property=\"og:title\" content=\"PolityKa cookies i RODO - Skupujemy Stocki Magazynowe\" \/>\n<meta property=\"og:description\" content=\"Klauzula informacyjna do przetwarzania danych osobowych Na podstawie art. 13 ust. 1 Rozporz\u0105dzenia Parlamentu Europejskiego i Rady (UE) 2016\/679 z dnia 27 kwietnia 2016 r. w sprawie ochrony os\u00f3b fizycznych w zwi\u0105zku z przetwarzaniem danych osobowych i&nbsp;w&nbsp;sprawie swobodnego przep\u0142ywu takich danych (og\u00f3lne rozporz\u0105dzenie o ochronie danych), zwane dalej RODO, informuj\u0119 Pani\u0105\/Pana, i\u017c Administratorem\/Podmiotem przetwarzaj\u0105cym Pa\u0144stwa&hellip;&nbsp;Czytaj wi\u0119cej &raquo;PolityKa cookies i RODO\" \/>\n<meta property=\"og:url\" content=\"https:\/\/skupstokow.pl\/index.php\/polityka-cookies-i-rodo\/\" \/>\n<meta property=\"og:site_name\" content=\"Skupujemy Stocki Magazynowe\" \/>\n<meta property=\"article:publisher\" content=\"https:\/\/www.facebook.com\/skupstokowmagazynowych\" \/>\n<meta property=\"article:modified_time\" content=\"2021-01-20T13:01:39+00:00\" \/>\n<meta name=\"twitter:card\" content=\"summary_large_image\" \/>\n<meta name=\"twitter:label1\" content=\"Est. reading time\">\n\t<meta name=\"twitter:data1\" content=\"4 minuty\">\n<script type=\"application\/ld+json\" class=\"yoast-schema-graph\">{\"@context\":\"https:\/\/schema.org\",\"@graph\":[{\"@type\":\"WebSite\",\"@id\":\"https:\/\/skupstokow.pl\/#website\",\"url\":\"https:\/\/skupstokow.pl\/\",\"name\":\"Skupujemy Stocki Magazynowe\",\"description\":\"Skupujemy nadwy\\u017cki magazynowe, nierotuj\\u0105ce towary, towary kt\\u00f3rym ko\\u0144czy si\\u0119 termin wa\\u017cno\\u015bci, ko\\u0144c\\u00f3wki serii, towary po likwidacji firmy.\",\"potentialAction\":[{\"@type\":\"SearchAction\",\"target\":\"https:\/\/skupstokow.pl\/?s={search_term_string}\",\"query-input\":\"required name=search_term_string\"}],\"inLanguage\":\"pl-PL\"},{\"@type\":\"WebPage\",\"@id\":\"https:\/\/skupstokow.pl\/index.php\/polityka-cookies-i-rodo\/#webpage\",\"url\":\"https:\/\/skupstokow.pl\/index.php\/polityka-cookies-i-rodo\/\",\"name\":\"PolityKa cookies i RODO - Skupujemy Stocki Magazynowe\",\"isPartOf\":{\"@id\":\"https:\/\/skupstokow.pl\/#website\"},\"datePublished\":\"2021-01-20T13:01:37+00:00\",\"dateModified\":\"2021-01-20T13:01:39+00:00\",\"breadcrumb\":{\"@id\":\"https:\/\/skupstokow.pl\/index.php\/polityka-cookies-i-rodo\/#breadcrumb\"},\"inLanguage\":\"pl-PL\",\"potentialAction\":[{\"@type\":\"ReadAction\",\"target\":[\"https:\/\/skupstokow.pl\/index.php\/polityka-cookies-i-rodo\/\"]}]},{\"@type\":\"BreadcrumbList\",\"@id\":\"https:\/\/skupstokow.pl\/index.php\/polityka-cookies-i-rodo\/#breadcrumb\",\"itemListElement\":[{\"@type\":\"ListItem\",\"position\":1,\"item\":{\"@type\":\"WebPage\",\"@id\":\"https:\/\/skupstokow.pl\/\",\"url\":\"https:\/\/skupstokow.pl\/\",\"name\":\"Strona g\\u0142\\u00f3wna\"}},{\"@type\":\"ListItem\",\"position\":2,\"item\":{\"@type\":\"WebPage\",\"@id\":\"https:\/\/skupstokow.pl\/index.php\/polityka-cookies-i-rodo\/\",\"url\":\"https:\/\/skupstokow.pl\/index.php\/polityka-cookies-i-rodo\/\",\"name\":\"PolityKa cookies i RODO\"}}]}]}<\/script>\n<!-- \/ Yoast SEO plugin. -->","_links":{"self":[{"href":"https:\/\/skupstokow.pl\/index.php\/wp-json\/wp\/v2\/pages\/190","targetHints":{"allow":["GET"]}}],"collection":[{"href":"https:\/\/skupstokow.pl\/index.php\/wp-json\/wp\/v2\/pages"}],"about":[{"href":"https:\/\/skupstokow.pl\/index.php\/wp-json\/wp\/v2\/types\/page"}],"author":[{"embeddable":true,"href":"https:\/\/skupstokow.pl\/index.php\/wp-json\/wp\/v2\/users\/1"}],"replies":[{"embeddable":true,"href":"https:\/\/skupstokow.pl\/index.php\/wp-json\/wp\/v2\/comments?post=190"}],"version-history":[{"count":1,"href":"https:\/\/skupstokow.pl\/index.php\/wp-json\/wp\/v2\/pages\/190\/revisions"}],"predecessor-version":[{"id":194,"href":"https:\/\/skupstokow.pl\/index.php\/wp-json\/wp\/v2\/pages\/190\/revisions\/194"}],"wp:attachment":[{"href":"https:\/\/skupstokow.pl\/index.php\/wp-json\/wp\/v2\/media?parent=190"}],"curies":[{"name":"wp","href":"https:\/\/api.w.org\/{rel}","templated":true}]}}